{"id":34,"date":"2020-06-01T12:32:10","date_gmt":"2020-06-01T12:32:10","guid":{"rendered":"http:\/\/lothar-noelke.de\/?page_id=34"},"modified":"2020-06-01T12:32:11","modified_gmt":"2020-06-01T12:32:11","slug":"nutzungshinweise","status":"publish","type":"page","link":"https:\/\/lothar-noelke.de\/?page_id=34","title":{"rendered":"Nutzungshinweise"},"content":{"rendered":"\n<p class=\"has-medium-font-size\"><strong>Hinweise bez\u00fcglich der Nutzung meiner&nbsp;Bilder<\/strong><\/p>\n\n\n\n<p style=\"font-size:17px\">Die Bilder, die hier zu sehen sind, wurden von mir fotografiert und auch von mir bearbeitet.<br>Da ich auf eine Signatur in meinen Bildern verzichte sind die Bilder dennoch nicht frei von Rechten.<\/p>\n\n\n\n<p style=\"font-size:17px\">Ob und wie Du sie weiterverwenden darfst, erkennst Du an der jeweiligen Lizenz. Welche das ist, steht bei den jeweiligen Bildern in der Bildinformation.<br>Bei den meisten Bildern ist es die <a href=\"https:\/\/creativecommons.org\/licenses\/by-nc-nd\/2.5\/deed.de\" target=\"_blank\" rel=\"noreferrer noopener\">Creative Commons Lizenz BY-NC-ND<\/a>, was in K\u00fcrze folgendes hei\u00dft:<\/p>\n\n\n\n<p style=\"font-size:17px\">Die Weiterverbreitung ist nur mit Namensnennung &#8211; nicht kommerziell \u2013 und in unver\u00e4nderter Form erlaubt!<br>F\u00fcr die Namensnennung sind unter dem Bild folgende Angaben erforderlich:<br>* <strong>Urheber: Lothar N\u00f6lke (https:\/\/lothar-noelke.de)<\/strong><\/p>\n\n\n\n<p style=\"font-size:17px\">Steht nichts dabei, dann ist das Bild nicht unter der CC-lizenz ver\u00f6ffentlicht und es ist keine Weiterverwendung erlaubt.<br>Sollte der Wunsch einer kommerziellen Verwendung oder Fragen zu einer anderen Verwendung vorhanden sein, besteht die M\u00f6glichkeit zu mir <a href=\"https:\/\/lothar-noelke.de\/?page_id=4\">Kontakt<\/a> aufzunehmen.<\/p>\n\n\n\n<p style=\"font-size:17px\">Seid fair. Danke.<\/p>\n","protected":false},"excerpt":{"rendered":"<p>Hinweise bez\u00fcglich der Nutzung meiner&nbsp;Bilder Die Bilder, die hier zu sehen sind, wurden von mir fotografiert und auch von mir bearbeitet.Da ich auf eine Signatur in meinen Bildern verzichte sind die Bilder dennoch nicht frei von Rechten. Ob und wie Du sie weiterverwenden darfst, erkennst Du an der jeweiligen Lizenz. Welche das ist, steht bei [&hellip;]<\/p>\n","protected":false},"author":1,"featured_media":0,"parent":0,"menu_order":0,"comment_status":"closed","ping_status":"closed","template":"","meta":{"zakra_sidebar_layout":"customizer","zakra_remove_content_margin":false,"zakra_sidebar":"customizer","zakra_transparent_header":"customizer","zakra_logo":0,"zakra_main_header_style":"default","zakra_menu_item_color":"","zakra_menu_item_hover_color":"","zakra_menu_item_active_color":"","zakra_menu_active_style":"zakra_menu_active_style","zakra_page_header":true,"footnotes":""},"class_list":["post-34","page","type-page","status-publish","hentry"],"_links":{"self":[{"href":"https:\/\/lothar-noelke.de\/index.php?rest_route=\/wp\/v2\/pages\/34"}],"collection":[{"href":"https:\/\/lothar-noelke.de\/index.php?rest_route=\/wp\/v2\/pages"}],"about":[{"href":"https:\/\/lothar-noelke.de\/index.php?rest_route=\/wp\/v2\/types\/page"}],"author":[{"embeddable":true,"href":"https:\/\/lothar-noelke.de\/index.php?rest_route=\/wp\/v2\/users\/1"}],"replies":[{"embeddable":true,"href":"https:\/\/lothar-noelke.de\/index.php?rest_route=%2Fwp%2Fv2%2Fcomments&post=34"}],"version-history":[{"count":2,"href":"https:\/\/lothar-noelke.de\/index.php?rest_route=\/wp\/v2\/pages\/34\/revisions"}],"predecessor-version":[{"id":36,"href":"https:\/\/lothar-noelke.de\/index.php?rest_route=\/wp\/v2\/pages\/34\/revisions\/36"}],"wp:attachment":[{"href":"https:\/\/lothar-noelke.de\/index.php?rest_route=%2Fwp%2Fv2%2Fmedia&parent=34"}],"curies":[{"name":"wp","href":"https:\/\/api.w.org\/{rel}","templated":true}]}}